{"id":939,"date":"2018-06-07T14:50:05","date_gmt":"2018-06-07T12:50:05","guid":{"rendered":"http:\/\/ex-create.cz\/dc-www\/?page_id=939"},"modified":"2018-09-04T18:31:41","modified_gmt":"2018-09-04T16:31:41","slug":"zkusebni-stranka","status":"publish","type":"page","link":"http:\/\/www.dcrezidence.cz\/en\/zkusebni-stranka\/","title":{"rendered":"\u00davodn\u00ed str\u00e1nka EN"},"content":{"rendered":"","protected":false},"excerpt":{"rendered":"","protected":false},"author":5,"featured_media":0,"parent":0,"menu_order":0,"comment_status":"closed","ping_status":"closed","template":"","meta":{"_acf_changed":false,"footnotes":""},"class_list":["post-939","page","type-page","status-publish","hentry"],"acf":[],"aioseo_notices":[],"_links":{"self":[{"href":"http:\/\/www.dcrezidence.cz\/en\/wp-json\/wp\/v2\/pages\/939","targetHints":{"allow":["GET"]}}],"collection":[{"href":"http:\/\/www.dcrezidence.cz\/en\/wp-json\/wp\/v2\/pages"}],"about":[{"href":"http:\/\/www.dcrezidence.cz\/en\/wp-json\/wp\/v2\/types\/page"}],"author":[{"embeddable":true,"href":"http:\/\/www.dcrezidence.cz\/en\/wp-json\/wp\/v2\/users\/5"}],"replies":[{"embeddable":true,"href":"http:\/\/www.dcrezidence.cz\/en\/wp-json\/wp\/v2\/comments?post=939"}],"version-history":[{"count":9,"href":"http:\/\/www.dcrezidence.cz\/en\/wp-json\/wp\/v2\/pages\/939\/revisions"}],"predecessor-version":[{"id":948,"href":"http:\/\/www.dcrezidence.cz\/en\/wp-json\/wp\/v2\/pages\/939\/revisions\/948"}],"wp:attachment":[{"href":"http:\/\/www.dcrezidence.cz\/en\/wp-json\/wp\/v2\/media?parent=939"}],"curies":[{"name":"wp","href":"https:\/\/api.w.org\/{rel}","templated":true}]}}