{"id":921,"date":"2018-06-22T13:02:24","date_gmt":"2018-06-22T11:02:24","guid":{"rendered":"http:\/\/ex-create.cz\/dc-www\/kontakt\/"},"modified":"2018-09-02T17:19:56","modified_gmt":"2018-09-02T15:19:56","slug":"contact","status":"publish","type":"page","link":"http:\/\/www.dcrezidence.cz\/en\/contact\/","title":{"rendered":"Contact"},"content":{"rendered":"<p><strong>DC REZIDENCE<\/strong><br \/>\nNovodvorsk\u00e1 1064\/10, 142 00 Praha 4 &#8211; Lhotka<\/p>\n<p>All enquires concerning accommodation should be addressed to the reception: <br \/>\n<a href=\"mailto:recepce@dcrezidence.cz\">recepce@dcrezidence.cz<\/a><\/p>\n<p>Tel.: +420 776 270 000, +420 222 997 511<\/p>\n<p>Public transport directions:<br \/>\nGo to metro station Ka\u010derov \u2013 Metro \u201cB\u201d, and take bus number 215 to the bus stop Nov\u00e9 Dvory (in the opposite direction Ch\u00fdnovsk\u00e1). Or from the metro station Sm\u00edchovsk\u00e9 Nadra\u017e\u00ed \u2013 Metro \u201cC\u201d, take bus number 197 to the bus stop Nov\u00e9 Dvory (in the opposite direction Ch\u00fdnovsk\u00e1).<\/p>\n<p><em>Trademark DC REZIDENCE is operated of DOMINO Centrum, s.r.o. Company, IC (Company Registration Number): 24770922, DIC (Tax Registration Number): CZ24770922, in Business Register MS Praha, department C, insert 172967<\/em><\/p>\n","protected":false},"excerpt":{"rendered":"<p>DC REZIDENCE Novodvorsk\u00e1 1064\/10, 142 00 Praha 4 &#8211; Lhotka All enquires concerning accommodation should be addressed to the reception: recepce@dcrezidence.cz Tel.: +420 776 270 000, +420 222 997 511 Public transport directions: Go to metro station Ka\u010derov \u2013 Metro \u201cB\u201d, and take bus number 215 to the bus stop Nov\u00e9 Dvory (in the opposite [&hellip;]<\/p>\n","protected":false},"author":5,"featured_media":0,"parent":0,"menu_order":0,"comment_status":"closed","ping_status":"closed","template":"contact.php","meta":{"_acf_changed":false,"footnotes":""},"class_list":["post-921","page","type-page","status-publish","hentry"],"acf":[],"aioseo_notices":[],"_links":{"self":[{"href":"http:\/\/www.dcrezidence.cz\/en\/wp-json\/wp\/v2\/pages\/921","targetHints":{"allow":["GET"]}}],"collection":[{"href":"http:\/\/www.dcrezidence.cz\/en\/wp-json\/wp\/v2\/pages"}],"about":[{"href":"http:\/\/www.dcrezidence.cz\/en\/wp-json\/wp\/v2\/types\/page"}],"author":[{"embeddable":true,"href":"http:\/\/www.dcrezidence.cz\/en\/wp-json\/wp\/v2\/users\/5"}],"replies":[{"embeddable":true,"href":"http:\/\/www.dcrezidence.cz\/en\/wp-json\/wp\/v2\/comments?post=921"}],"version-history":[{"count":2,"href":"http:\/\/www.dcrezidence.cz\/en\/wp-json\/wp\/v2\/pages\/921\/revisions"}],"predecessor-version":[{"id":923,"href":"http:\/\/www.dcrezidence.cz\/en\/wp-json\/wp\/v2\/pages\/921\/revisions\/923"}],"wp:attachment":[{"href":"http:\/\/www.dcrezidence.cz\/en\/wp-json\/wp\/v2\/media?parent=921"}],"curies":[{"name":"wp","href":"https:\/\/api.w.org\/{rel}","templated":true}]}}