{"id":917,"date":"2018-07-02T22:53:22","date_gmt":"2018-07-02T20:53:22","guid":{"rendered":"http:\/\/ex-create.cz\/dc-www\/hotel\/okoli\/"},"modified":"2018-09-21T13:59:40","modified_gmt":"2018-09-21T11:59:40","slug":"surroundings","status":"publish","type":"page","link":"http:\/\/www.dcrezidence.cz\/en\/hotel\/surroundings\/","title":{"rendered":"Surroundings"},"content":{"rendered":"<p>DC REZIDENCE facility is located on the southern edge of Prague, and nearby nature offers hiking and cycling trips and in-line skating, as well as relaxing walks (Mod\u0159ansk\u00e1 rokle, Kunratice Forest, To\u010dn\u00e1 Natural Park, the Vltava River, etc.). In all directions from the building can be found also some cultural interest.<\/p>\n<p>In distance of about one kilometer there is the shopping center Novodvorsk\u00e1 Plaza, banks and services, amount of other shops and a post office are available on foot. If needed, Thomayer Hospital is also nearby.<\/p>\n<h2>Thomayer Hospital<\/h2>\n<p>\nThomayer Hospital is the biggest medical devices in the Czech Republic.<\/p>\n<p>Thomayer Hospital is a modern clinical center where specialized medicine is provided at a very high level and which provides background for professionals from many medical disciplines.<\/p>\n<p>&nbsp;<\/p>\n<h2>Novodvorsk\u00e1 Plaza Shopping Center<\/h2>\n<p><img loading=\"lazy\" decoding=\"async\" class=\"small-logos alignnone wp-image-309 size-full\" src=\"http:\/\/ex-create.cz\/dc-www\/wp-content\/uploads\/2018\/07\/logo.png\" alt=\"\" width=\"250\" height=\"250\" srcset=\"http:\/\/www.dcrezidence.cz\/wp-content\/uploads\/2018\/07\/logo.png 250w, http:\/\/www.dcrezidence.cz\/wp-content\/uploads\/2018\/07\/logo-150x150.png 150w\" sizes=\"auto, (max-width: 250px) 100vw, 250px\" \/><br \/>\nA business center, where you can park for free and relax. It offers more than 80 shops and services: fashion brands, dry cleaners, dressing, real estate and travel agencies, mobile operators, Tesco hypermarket, fashion and accessories, sports and leisure, health, computers and electronics, restaurants.<br \/>\nOpening hours: Monday \u2013 Sunday 9:00 \u2013 21:00<\/p>\n","protected":false},"excerpt":{"rendered":"<p>DC REZIDENCE facility is located on the southern edge of Prague, and nearby nature offers hiking and cycling trips and in-line skating, as well as relaxing walks (Mod\u0159ansk\u00e1 rokle, Kunratice Forest, To\u010dn\u00e1 Natural Park, the Vltava River, etc.). In all directions from the building can be found also some cultural interest. In distance of about [&hellip;]<\/p>\n","protected":false},"author":5,"featured_media":0,"parent":903,"menu_order":0,"comment_status":"closed","ping_status":"closed","template":"hotel.php","meta":{"_acf_changed":false,"footnotes":""},"class_list":["post-917","page","type-page","status-publish","hentry"],"acf":[],"aioseo_notices":[],"_links":{"self":[{"href":"http:\/\/www.dcrezidence.cz\/en\/wp-json\/wp\/v2\/pages\/917","targetHints":{"allow":["GET"]}}],"collection":[{"href":"http:\/\/www.dcrezidence.cz\/en\/wp-json\/wp\/v2\/pages"}],"about":[{"href":"http:\/\/www.dcrezidence.cz\/en\/wp-json\/wp\/v2\/types\/page"}],"author":[{"embeddable":true,"href":"http:\/\/www.dcrezidence.cz\/en\/wp-json\/wp\/v2\/users\/5"}],"replies":[{"embeddable":true,"href":"http:\/\/www.dcrezidence.cz\/en\/wp-json\/wp\/v2\/comments?post=917"}],"version-history":[{"count":7,"href":"http:\/\/www.dcrezidence.cz\/en\/wp-json\/wp\/v2\/pages\/917\/revisions"}],"predecessor-version":[{"id":1149,"href":"http:\/\/www.dcrezidence.cz\/en\/wp-json\/wp\/v2\/pages\/917\/revisions\/1149"}],"up":[{"embeddable":true,"href":"http:\/\/www.dcrezidence.cz\/en\/wp-json\/wp\/v2\/pages\/903"}],"wp:attachment":[{"href":"http:\/\/www.dcrezidence.cz\/en\/wp-json\/wp\/v2\/media?parent=917"}],"curies":[{"name":"wp","href":"https:\/\/api.w.org\/{rel}","templated":true}]}}