{"id":881,"date":"2018-06-21T15:29:36","date_gmt":"2018-06-21T13:29:36","guid":{"rendered":"http:\/\/ex-create.cz\/dc-www\/o-nas\/"},"modified":"2023-08-23T11:57:26","modified_gmt":"2023-08-23T09:57:26","slug":"about-us","status":"publish","type":"page","link":"http:\/\/www.dcrezidence.cz\/en\/about-us\/","title":{"rendered":"About Us"},"content":{"rendered":"<p>DC REZIDENCE is part of the sports and relaxation and gastronomic complex\u00a0 (restaurant with terrace, dining room, burger bar, tennis courts, beach volleyball, indoor sports, fitness center, etc.).<\/p>\n<p>DC REZIDENCE facility is located on the southern edge of Prague, and nearby nature offers hiking and cycling trips and in-line skating, as well as relaxing walks (Mod\u0159ansk\u00e1 rokle, Kunratice Forest, To\u010dn\u00e1 Natural Park, the Vltava River, etc.).<\/p>\n<p>In all directions from the building can be found also some cultural interest.<\/p>\n<p>In distance of about one kilometer there is the shopping center Novodvorsk\u00e1 Plaza, banks and services, amount of other shops and a post office are available on foot. If needed, Thomayer Hospital is also nearby.<\/p>\n<p>In the object there is a bus stop with direct connection to the metro line\u00a0B of Smichovsk\u00e9 n\u00e1dra\u017e\u00ed station and the line C of Ka\u010derov station.<\/p>\n<p>The planned metro line D and its station Nov\u00e9 dvory (about 200 m from the building) will bring us closer to the center of Prague, eventually its other parts.<\/p>\n","protected":false},"excerpt":{"rendered":"<p>DC REZIDENCE is part of the sports and relaxation and gastronomic complex\u00a0 (restaurant with terrace, dining room, burger bar, tennis courts, beach volleyball, indoor sports, fitness center, etc.). DC REZIDENCE facility is located on the southern edge of Prague, and nearby nature offers hiking and cycling trips and in-line skating, as well as relaxing walks [&hellip;]<\/p>\n","protected":false},"author":5,"featured_media":0,"parent":0,"menu_order":0,"comment_status":"closed","ping_status":"closed","template":"abou-us.php","meta":{"_acf_changed":false,"footnotes":""},"class_list":["post-881","page","type-page","status-publish","hentry"],"acf":[],"aioseo_notices":[],"_links":{"self":[{"href":"http:\/\/www.dcrezidence.cz\/en\/wp-json\/wp\/v2\/pages\/881","targetHints":{"allow":["GET"]}}],"collection":[{"href":"http:\/\/www.dcrezidence.cz\/en\/wp-json\/wp\/v2\/pages"}],"about":[{"href":"http:\/\/www.dcrezidence.cz\/en\/wp-json\/wp\/v2\/types\/page"}],"author":[{"embeddable":true,"href":"http:\/\/www.dcrezidence.cz\/en\/wp-json\/wp\/v2\/users\/5"}],"replies":[{"embeddable":true,"href":"http:\/\/www.dcrezidence.cz\/en\/wp-json\/wp\/v2\/comments?post=881"}],"version-history":[{"count":8,"href":"http:\/\/www.dcrezidence.cz\/en\/wp-json\/wp\/v2\/pages\/881\/revisions"}],"predecessor-version":[{"id":1506,"href":"http:\/\/www.dcrezidence.cz\/en\/wp-json\/wp\/v2\/pages\/881\/revisions\/1506"}],"wp:attachment":[{"href":"http:\/\/www.dcrezidence.cz\/en\/wp-json\/wp\/v2\/media?parent=881"}],"curies":[{"name":"wp","href":"https:\/\/api.w.org\/{rel}","templated":true}]}}