{"id":1007,"date":"2018-08-26T10:45:39","date_gmt":"2018-08-26T08:45:39","guid":{"rendered":"http:\/\/ex-create.cz\/dc-www\/other-services\/surroundings\/cyklostezka-podel-vltavy-z-branika-do-zbraslavi\/"},"modified":"2018-10-22T12:29:36","modified_gmt":"2018-10-22T10:29:36","slug":"cycle-trail-along-the-vltava-from-branik-to-zbraslav","status":"publish","type":"page","link":"http:\/\/www.dcrezidence.cz\/en\/other-services\/surroundings\/cycle-trail-along-the-vltava-from-branik-to-zbraslav\/","title":{"rendered":"Cycle trail along the Vltava from Bran\u00edk to Zbraslav"},"content":{"rendered":"<p>The cycle path leads along the right bank of the Vltava River to the southern parts of Prague (Bran\u00edk, Hodkovi\u010dky, Mod\u0159any, Komo\u0159any to the bridge in Zbraslav). Bicycle trail has asphalt base, a flattened profile and thanks to it is used not only by cyclists but also by in-line skaters.<\/p>\n","protected":false},"excerpt":{"rendered":"<p>The cycle path leads along the right bank of the Vltava River to the southern parts of Prague (Bran\u00edk, Hodkovi\u010dky, Mod\u0159any, Komo\u0159any to the bridge in Zbraslav). Bicycle trail has asphalt base, a flattened profile and thanks to it is used not only by cyclists but also by in-line skaters.<\/p>\n","protected":false},"author":5,"featured_media":0,"parent":1001,"menu_order":0,"comment_status":"closed","ping_status":"closed","template":"ostatni-sluzby-podstrana.php","meta":{"_acf_changed":false,"footnotes":""},"class_list":["post-1007","page","type-page","status-publish","hentry"],"acf":[],"aioseo_notices":[],"_links":{"self":[{"href":"http:\/\/www.dcrezidence.cz\/en\/wp-json\/wp\/v2\/pages\/1007","targetHints":{"allow":["GET"]}}],"collection":[{"href":"http:\/\/www.dcrezidence.cz\/en\/wp-json\/wp\/v2\/pages"}],"about":[{"href":"http:\/\/www.dcrezidence.cz\/en\/wp-json\/wp\/v2\/types\/page"}],"author":[{"embeddable":true,"href":"http:\/\/www.dcrezidence.cz\/en\/wp-json\/wp\/v2\/users\/5"}],"replies":[{"embeddable":true,"href":"http:\/\/www.dcrezidence.cz\/en\/wp-json\/wp\/v2\/comments?post=1007"}],"version-history":[{"count":5,"href":"http:\/\/www.dcrezidence.cz\/en\/wp-json\/wp\/v2\/pages\/1007\/revisions"}],"predecessor-version":[{"id":1242,"href":"http:\/\/www.dcrezidence.cz\/en\/wp-json\/wp\/v2\/pages\/1007\/revisions\/1242"}],"up":[{"embeddable":true,"href":"http:\/\/www.dcrezidence.cz\/en\/wp-json\/wp\/v2\/pages\/1001"}],"wp:attachment":[{"href":"http:\/\/www.dcrezidence.cz\/en\/wp-json\/wp\/v2\/media?parent=1007"}],"curies":[{"name":"wp","href":"https:\/\/api.w.org\/{rel}","templated":true}]}}