{"id":1001,"date":"2018-08-26T10:25:06","date_gmt":"2018-08-26T08:25:06","guid":{"rendered":"http:\/\/ex-create.cz\/dc-www\/other-services\/okoli\/"},"modified":"2018-09-11T21:01:07","modified_gmt":"2018-09-11T19:01:07","slug":"surroundings","status":"publish","type":"page","link":"http:\/\/www.dcrezidence.cz\/en\/other-services\/surroundings\/","title":{"rendered":"Surroundings"},"content":{"rendered":"<p>DC REZIDENCE facility is located on the southern edge of Prague, and nearby nature offers hiking and cycling trips and in-line skating, as well as relaxing walks (Mod\u0159ansk\u00e1 rokle, Kunratice Forest, To\u010dn\u00e1 Natural Park, the Vltava River, etc.). In all directions from the building can be found also some cultural interest.<\/p>\n<p>In distance of about one kilometer there is the shopping center Novodvorsk\u00e1 Plaza, banks and services, amount of other shops and a post office are available on foot. If needed, Thomayer Hospital is also nearby.<\/p>\n","protected":false},"excerpt":{"rendered":"<p>DC REZIDENCE facility is located on the southern edge of Prague, and nearby nature offers hiking and cycling trips and in-line skating, as well as relaxing walks (Mod\u0159ansk\u00e1 rokle, Kunratice Forest, To\u010dn\u00e1 Natural Park, the Vltava River, etc.). In all directions from the building can be found also some cultural interest. In distance of about [&hellip;]<\/p>\n","protected":false},"author":5,"featured_media":779,"parent":966,"menu_order":130,"comment_status":"closed","ping_status":"closed","template":"ostatni-sluzby-podstrana.php","meta":{"_acf_changed":false,"footnotes":""},"class_list":["post-1001","page","type-page","status-publish","has-post-thumbnail","hentry"],"acf":[],"aioseo_notices":[],"_links":{"self":[{"href":"http:\/\/www.dcrezidence.cz\/en\/wp-json\/wp\/v2\/pages\/1001","targetHints":{"allow":["GET"]}}],"collection":[{"href":"http:\/\/www.dcrezidence.cz\/en\/wp-json\/wp\/v2\/pages"}],"about":[{"href":"http:\/\/www.dcrezidence.cz\/en\/wp-json\/wp\/v2\/types\/page"}],"author":[{"embeddable":true,"href":"http:\/\/www.dcrezidence.cz\/en\/wp-json\/wp\/v2\/users\/5"}],"replies":[{"embeddable":true,"href":"http:\/\/www.dcrezidence.cz\/en\/wp-json\/wp\/v2\/comments?post=1001"}],"version-history":[{"count":3,"href":"http:\/\/www.dcrezidence.cz\/en\/wp-json\/wp\/v2\/pages\/1001\/revisions"}],"predecessor-version":[{"id":1004,"href":"http:\/\/www.dcrezidence.cz\/en\/wp-json\/wp\/v2\/pages\/1001\/revisions\/1004"}],"up":[{"embeddable":true,"href":"http:\/\/www.dcrezidence.cz\/en\/wp-json\/wp\/v2\/pages\/966"}],"wp:featuredmedia":[{"embeddable":true,"href":"http:\/\/www.dcrezidence.cz\/en\/wp-json\/wp\/v2\/media\/779"}],"wp:attachment":[{"href":"http:\/\/www.dcrezidence.cz\/en\/wp-json\/wp\/v2\/media?parent=1001"}],"curies":[{"name":"wp","href":"https:\/\/api.w.org\/{rel}","templated":true}]}}